{"id":147,"date":"2025-06-18T14:00:14","date_gmt":"2025-06-18T12:00:14","guid":{"rendered":"https:\/\/thebeautypartner.es\/nueva\/?page_id=147"},"modified":"2025-06-18T15:55:57","modified_gmt":"2025-06-18T13:55:57","slug":"aviso-legal-y-politica-de-privacidad","status":"publish","type":"page","link":"https:\/\/thebeautypartner.es\/nueva\/aviso-legal-y-politica-de-privacidad\/","title":{"rendered":"Aviso legal y pol\u00edtica de privacidad"},"content":{"rendered":"<h2 style=\"margin-top:50px;\">AVISO LEGAL<\/h2>\n<p><strong>DENOMINACI\u00d3N SOCIAL:<\/strong> Manuela Llagostera Castro<br \/>\n<strong>CIF\/DNI:<\/strong> 51097243-Y<br \/>\n<strong>DOMICILIO SOCIAL:<\/strong> C\/ General Diaz Porlier, 63. 2\u00baB 28006 MADRID<br \/>\n<strong>CONTACTO:<\/strong> manuela@thebeautypartner.es<br \/>\n+34 606 19 86 13<br \/>\n<strong>DATOS DE INSCRIPCI\u00d3N EN EL REGISTRO MERCANTIL:<\/strong> no procede<\/p>\n<h2 style=\"margin-top:50px;\">POL\u00cdTICA DE PRIVACIDAD<\/h2>\n<p><strong>RESPONSABLE:<\/strong> MANUELA LLAGOSTERA CASTRO<br \/>\n<strong>FINALIDAD PRINCIPAL:<\/strong> Dar a conocer mis servicios, as\u00ed como el aviso de nuevas actividades de car\u00e1cter comercial<br \/>\n<strong>LEGITIMACI\u00d3N:<\/strong> Consentimiento del interesado.<br \/>\n<strong>DESTINATARIOS:<\/strong> No se ceder\u00e1n datos a terceros, salvo autorizaci\u00f3n expresa u obligaci\u00f3n legal<br \/>\n<strong>DERECHOS:<\/strong> Acceder, rectificar y suprimir los datos, portabilidad de los datos, limitaci\u00f3n u oposici\u00f3n a su tratamiento, transparencia y derecho a no ser objeto de decisiones automatizadas.<br \/>\n<strong>INFORMACI\u00d3N ADICIONAL:<\/strong> Puede consultar la informaci\u00f3n adicional y detallada sobre nuestra Pol\u00edtica de Privacidad y Aviso Legal.<\/p>\n<h3>\u00bfQui\u00e9n es el Responsable del tratamiento de sus datos?<\/h3>\n<p><strong>Nombre:<\/strong> Manuela Llagostera Castro<br \/>\n<strong>CIF\/DNI:<\/strong> 51097243-Y<br \/>\n<strong>DOMICILIO SOCIAL:<\/strong> C\/ General Diaz Porlier, 63. 2\u00baB 28006 MADRID<br \/>\n<strong>Email y tel\u00e9fono:<\/strong> manuela@thebeautypartner.es \/ +34 606 19 86 13<br \/>\n<strong>Datos del DPO:<\/strong> (los mismos)<\/p>\n<h3>\u00bfCon qu\u00e9 finalidad tratamos sus datos personales?<\/h3>\n<p>En <strong>thebeautypartner.es<\/strong> tratamos la informaci\u00f3n que nos facilita con la finalidad de gestionar la relaci\u00f3n contractual que nos une, gestionar el env\u00edo de la informaci\u00f3n que nos solicita, facilitar a los interesados ofertas de nuestros servicios y\/o productos de su inter\u00e9s y\/o gestionar su candidatura.<\/p>\n<h3>\u00bfPor cu\u00e1nto tiempo conservaremos sus datos personales?<\/h3>\n<p>Sus datos ser\u00e1n conservados el tiempo m\u00ednimo necesario para la correcta prestaci\u00f3n del servicio ofrecido as\u00ed como para atender las responsabilidades que se pudieran derivar del mismo y de cualquier otra exigencia legal.<\/p>\n<h3>\u00bfCu\u00e1l es la legitimaci\u00f3n para el tratamiento de sus datos?<\/h3>\n<p>La base legal para el tratamiento de sus datos personales puede ser la ejecuci\u00f3n de una relaci\u00f3n contractual potencial y\/o suscrita, el inter\u00e9s leg\u00edtimo, la habilitaci\u00f3n legal y\/o el consentimiento del propio interesado. Los datos que le solicitamos son adecuados, pertinentes y estrictamente necesarios y en ning\u00fan caso est\u00e1 obligado a facilit\u00e1rnoslos, pero su no comunicaci\u00f3n podr\u00e1 afectar a la finalidad del servicio o la imposibilidad de prestarlo.<\/p>\n<h3>\u00bfA qu\u00e9 destinatarios se comunicar\u00e1n sus datos?<\/h3>\n<p><strong>The Beauty Partner<\/strong> no comunicar\u00e1 sus datos a ning\u00fan tercero, salvo que se informe de ello expresamente.<\/p>\n<h3>\u00bfCu\u00e1les son sus derechos cuando nos facilita sus datos?<\/h3>\n<p>Los derechos de protecci\u00f3n de datos de los que son titulares los interesados son:<\/p>\n<ul>\n<li>Derecho a solicitar el acceso a los datos personales relativos al interesado<\/li>\n<li>Derecho de rectificaci\u00f3n o supresi\u00f3n<\/li>\n<li>Derecho de oposici\u00f3n<\/li>\n<li>Derecho a solicitar la limitaci\u00f3n de su tratamiento<\/li>\n<li>Derecho a la portabilidad de los datos<\/li>\n<\/ul>\n<p>Los titulares de los datos personales obtenidos podr\u00e1n ejercer sus derechos de protecci\u00f3n de datos personales dirigiendo una comunicaci\u00f3n por escrito al domicilio social de <strong>The Beauty Partner<\/strong> o al correo electr\u00f3nico habilitado a tal efecto: <a href=\"mailto:manuela@thebeautypartner.es\">manuela@thebeautypartner.es<\/a>, incluyendo en ambos casos fotocopia de su DNI u otro documento de identificaci\u00f3n equivalente.<\/p>\n<p>Modelos, formularios y m\u00e1s informaci\u00f3n disponible sobre sus derechos en la p\u00e1gina web de la autoridad de control nacional, Agencia Espa\u00f1ola de Protecci\u00f3n de Datos (AEPD): <a href=\"https:\/\/www.agpd.es\" target=\"_blank\">www.agpd.es<\/a><\/p>\n<h3>\u00bfPuedo retirar el consentimiento?<\/h3>\n<p>Usted tiene la posibilidad y el derecho a retirar el consentimiento para cualquiera finalidad espec\u00edfica otorgada en su momento, sin que ello afecte a la licitud del tratamiento basado en el consentimiento previo a su retirada.<\/p>\n<h3>\u00bfD\u00f3nde puedo reclamar en caso de que considere que no se tratan mis datos correctamente?<\/h3>\n<p>Si alg\u00fan interesado considera que sus datos no son tratados correctamente por <strong>The Beauty Partner<\/strong>, puede dirigir sus reclamaciones al correo: <a href=\"mailto:manuela@thebeautypartner.es\">manuela@thebeautypartner.es<\/a> o a la autoridad de protecci\u00f3n de datos correspondiente, siendo la AEPD la indicada en el territorio nacional: <a href=\"https:\/\/www.agpd.es\" target=\"_blank\">www.agpd.es<\/a><\/p>\n<h3>Seguridad y actualizaci\u00f3n de sus datos personales<\/h3>\n<p>Con el objetivo de salvaguardar la seguridad de sus datos personales, le informamos que <strong>The Beauty Partner<\/strong> ha adoptado todas las medidas de \u00edndole t\u00e9cnica y organizativa necesarias para garantizar la seguridad de los datos personales suministrados. Todo ello para evitar su alteraci\u00f3n, p\u00e9rdida, y\/o tratamientos o accesos no autorizados, tal como exige la normativa, si bien la seguridad absoluta no existe.<\/p>\n<p>Es importante que, para que podamos mantener sus datos personales actualizados, nos informe siempre que se produzca una modificaci\u00f3n de los mismos.<\/p>\n<h3>Confidencialidad<\/h3>\n<p><strong>The Beauty Partner<\/strong> le informa que sus datos ser\u00e1n tratados con el m\u00e1ximo celo y confidencialidad por todo el personal que intervenga en cualquiera de las fases del tratamiento. No cederemos ni comunicaremos a ning\u00fan tercero sus datos, excepto en los casos legalmente previstos, o salvo que el interesado nos hubiera autorizado expresamente.<\/p>\n","protected":false},"excerpt":{"rendered":"<p>AVISO LEGAL DENOMINACI\u00d3N SOCIAL: Manuela Llagostera Castro CIF\/DNI: 51097243-Y DOMICILIO  [&#8230;]<\/p>\n","protected":false},"author":1,"featured_media":0,"parent":0,"menu_order":0,"comment_status":"closed","ping_status":"closed","template":"","meta":{"footnotes":""},"class_list":["post-147","page","type-page","status-publish","hentry"],"yoast_head":"<!-- This site is optimized with the Yoast SEO plugin v25.3 - https:\/\/yoast.com\/wordpress\/plugins\/seo\/ -->\n<title>Aviso legal y pol\u00edtica de privacidad - The Beauty Partner<\/title>\n<meta name=\"robots\" content=\"index, follow, max-snippet:-1, max-image-preview:large, max-video-preview:-1\" \/>\n<link rel=\"canonical\" href=\"https:\/\/thebeautypartner.es\/nueva\/aviso-legal-y-politica-de-privacidad\/\" \/>\n<meta property=\"og:locale\" content=\"es_ES\" \/>\n<meta property=\"og:type\" content=\"article\" \/>\n<meta property=\"og:title\" content=\"Aviso legal y pol\u00edtica de privacidad - The Beauty Partner\" \/>\n<meta property=\"og:description\" content=\"AVISO LEGAL DENOMINACI\u00d3N SOCIAL: Manuela Llagostera Castro CIF\/DNI: 51097243-Y DOMICILIO [...]\" \/>\n<meta property=\"og:url\" content=\"https:\/\/thebeautypartner.es\/nueva\/aviso-legal-y-politica-de-privacidad\/\" \/>\n<meta property=\"og:site_name\" content=\"The Beauty Partner\" \/>\n<meta property=\"article:modified_time\" content=\"2025-06-18T13:55:57+00:00\" \/>\n<meta name=\"twitter:card\" content=\"summary_large_image\" \/>\n<meta name=\"twitter:label1\" content=\"Tiempo de lectura\" \/>\n\t<meta name=\"twitter:data1\" content=\"4 minutos\" \/>\n<script type=\"application\/ld+json\" class=\"yoast-schema-graph\">{\"@context\":\"https:\/\/schema.org\",\"@graph\":[{\"@type\":\"WebPage\",\"@id\":\"https:\/\/thebeautypartner.es\/nueva\/aviso-legal-y-politica-de-privacidad\/\",\"url\":\"https:\/\/thebeautypartner.es\/nueva\/aviso-legal-y-politica-de-privacidad\/\",\"name\":\"Aviso legal y pol\u00edtica de privacidad - The Beauty Partner\",\"isPartOf\":{\"@id\":\"https:\/\/thebeautypartner.es\/nueva\/#website\"},\"datePublished\":\"2025-06-18T12:00:14+00:00\",\"dateModified\":\"2025-06-18T13:55:57+00:00\",\"breadcrumb\":{\"@id\":\"https:\/\/thebeautypartner.es\/nueva\/aviso-legal-y-politica-de-privacidad\/#breadcrumb\"},\"inLanguage\":\"es\",\"potentialAction\":[{\"@type\":\"ReadAction\",\"target\":[\"https:\/\/thebeautypartner.es\/nueva\/aviso-legal-y-politica-de-privacidad\/\"]}]},{\"@type\":\"BreadcrumbList\",\"@id\":\"https:\/\/thebeautypartner.es\/nueva\/aviso-legal-y-politica-de-privacidad\/#breadcrumb\",\"itemListElement\":[{\"@type\":\"ListItem\",\"position\":1,\"name\":\"Portada\",\"item\":\"https:\/\/thebeautypartner.es\/nueva\/\"},{\"@type\":\"ListItem\",\"position\":2,\"name\":\"Aviso legal y pol\u00edtica de privacidad\"}]},{\"@type\":\"WebSite\",\"@id\":\"https:\/\/thebeautypartner.es\/nueva\/#website\",\"url\":\"https:\/\/thebeautypartner.es\/nueva\/\",\"name\":\"The Beauty Partner\",\"description\":\"\",\"publisher\":{\"@id\":\"https:\/\/thebeautypartner.es\/nueva\/#organization\"},\"potentialAction\":[{\"@type\":\"SearchAction\",\"target\":{\"@type\":\"EntryPoint\",\"urlTemplate\":\"https:\/\/thebeautypartner.es\/nueva\/?s={search_term_string}\"},\"query-input\":{\"@type\":\"PropertyValueSpecification\",\"valueRequired\":true,\"valueName\":\"search_term_string\"}}],\"inLanguage\":\"es\"},{\"@type\":\"Organization\",\"@id\":\"https:\/\/thebeautypartner.es\/nueva\/#organization\",\"name\":\"The Beauty Partner\",\"url\":\"https:\/\/thebeautypartner.es\/nueva\/\",\"logo\":{\"@type\":\"ImageObject\",\"inLanguage\":\"es\",\"@id\":\"https:\/\/thebeautypartner.es\/nueva\/#\/schema\/logo\/image\/\",\"url\":\"https:\/\/thebeautypartner.es\/nueva\/wp-content\/uploads\/2025\/06\/logo-web.jpg\",\"contentUrl\":\"https:\/\/thebeautypartner.es\/nueva\/wp-content\/uploads\/2025\/06\/logo-web.jpg\",\"width\":450,\"height\":211,\"caption\":\"The Beauty Partner\"},\"image\":{\"@id\":\"https:\/\/thebeautypartner.es\/nueva\/#\/schema\/logo\/image\/\"}}]}<\/script>\n<!-- \/ Yoast SEO plugin. -->","yoast_head_json":{"title":"Aviso legal y pol\u00edtica de privacidad - The Beauty Partner","robots":{"index":"index","follow":"follow","max-snippet":"max-snippet:-1","max-image-preview":"max-image-preview:large","max-video-preview":"max-video-preview:-1"},"canonical":"https:\/\/thebeautypartner.es\/nueva\/aviso-legal-y-politica-de-privacidad\/","og_locale":"es_ES","og_type":"article","og_title":"Aviso legal y pol\u00edtica de privacidad - The Beauty Partner","og_description":"AVISO LEGAL DENOMINACI\u00d3N SOCIAL: Manuela Llagostera Castro CIF\/DNI: 51097243-Y DOMICILIO [...]","og_url":"https:\/\/thebeautypartner.es\/nueva\/aviso-legal-y-politica-de-privacidad\/","og_site_name":"The Beauty Partner","article_modified_time":"2025-06-18T13:55:57+00:00","twitter_card":"summary_large_image","twitter_misc":{"Tiempo de lectura":"4 minutos"},"schema":{"@context":"https:\/\/schema.org","@graph":[{"@type":"WebPage","@id":"https:\/\/thebeautypartner.es\/nueva\/aviso-legal-y-politica-de-privacidad\/","url":"https:\/\/thebeautypartner.es\/nueva\/aviso-legal-y-politica-de-privacidad\/","name":"Aviso legal y pol\u00edtica de privacidad - The Beauty Partner","isPartOf":{"@id":"https:\/\/thebeautypartner.es\/nueva\/#website"},"datePublished":"2025-06-18T12:00:14+00:00","dateModified":"2025-06-18T13:55:57+00:00","breadcrumb":{"@id":"https:\/\/thebeautypartner.es\/nueva\/aviso-legal-y-politica-de-privacidad\/#breadcrumb"},"inLanguage":"es","potentialAction":[{"@type":"ReadAction","target":["https:\/\/thebeautypartner.es\/nueva\/aviso-legal-y-politica-de-privacidad\/"]}]},{"@type":"BreadcrumbList","@id":"https:\/\/thebeautypartner.es\/nueva\/aviso-legal-y-politica-de-privacidad\/#breadcrumb","itemListElement":[{"@type":"ListItem","position":1,"name":"Portada","item":"https:\/\/thebeautypartner.es\/nueva\/"},{"@type":"ListItem","position":2,"name":"Aviso legal y pol\u00edtica de privacidad"}]},{"@type":"WebSite","@id":"https:\/\/thebeautypartner.es\/nueva\/#website","url":"https:\/\/thebeautypartner.es\/nueva\/","name":"The Beauty Partner","description":"","publisher":{"@id":"https:\/\/thebeautypartner.es\/nueva\/#organization"},"potentialAction":[{"@type":"SearchAction","target":{"@type":"EntryPoint","urlTemplate":"https:\/\/thebeautypartner.es\/nueva\/?s={search_term_string}"},"query-input":{"@type":"PropertyValueSpecification","valueRequired":true,"valueName":"search_term_string"}}],"inLanguage":"es"},{"@type":"Organization","@id":"https:\/\/thebeautypartner.es\/nueva\/#organization","name":"The Beauty Partner","url":"https:\/\/thebeautypartner.es\/nueva\/","logo":{"@type":"ImageObject","inLanguage":"es","@id":"https:\/\/thebeautypartner.es\/nueva\/#\/schema\/logo\/image\/","url":"https:\/\/thebeautypartner.es\/nueva\/wp-content\/uploads\/2025\/06\/logo-web.jpg","contentUrl":"https:\/\/thebeautypartner.es\/nueva\/wp-content\/uploads\/2025\/06\/logo-web.jpg","width":450,"height":211,"caption":"The Beauty Partner"},"image":{"@id":"https:\/\/thebeautypartner.es\/nueva\/#\/schema\/logo\/image\/"}}]}},"_links":{"self":[{"href":"https:\/\/thebeautypartner.es\/nueva\/wp-json\/wp\/v2\/pages\/147","targetHints":{"allow":["GET"]}}],"collection":[{"href":"https:\/\/thebeautypartner.es\/nueva\/wp-json\/wp\/v2\/pages"}],"about":[{"href":"https:\/\/thebeautypartner.es\/nueva\/wp-json\/wp\/v2\/types\/page"}],"author":[{"embeddable":true,"href":"https:\/\/thebeautypartner.es\/nueva\/wp-json\/wp\/v2\/users\/1"}],"replies":[{"embeddable":true,"href":"https:\/\/thebeautypartner.es\/nueva\/wp-json\/wp\/v2\/comments?post=147"}],"version-history":[{"count":6,"href":"https:\/\/thebeautypartner.es\/nueva\/wp-json\/wp\/v2\/pages\/147\/revisions"}],"predecessor-version":[{"id":153,"href":"https:\/\/thebeautypartner.es\/nueva\/wp-json\/wp\/v2\/pages\/147\/revisions\/153"}],"wp:attachment":[{"href":"https:\/\/thebeautypartner.es\/nueva\/wp-json\/wp\/v2\/media?parent=147"}],"curies":[{"name":"wp","href":"https:\/\/api.w.org\/{rel}","templated":true}]}}