{"id":135,"date":"2025-06-18T12:53:39","date_gmt":"2025-06-18T10:53:39","guid":{"rendered":"https:\/\/thebeautypartner.es\/nueva\/?page_id=135"},"modified":"2025-06-18T12:56:29","modified_gmt":"2025-06-18T10:56:29","slug":"sobre-mi","status":"publish","type":"page","link":"https:\/\/thebeautypartner.es\/nueva\/sobre-mi\/","title":{"rendered":"Sobre mi"},"content":{"rendered":"<p><div class=\"fusion-fullwidth fullwidth-box fusion-builder-row-1 fusion-flex-container has-pattern-background has-mask-background fusion-parallax-none nonhundred-percent-fullwidth non-hundred-percent-height-scrolling\" style=\"--awb-border-radius-top-left:0px;--awb-border-radius-top-right:0px;--awb-border-radius-bottom-right:0px;--awb-border-radius-bottom-left:0px;--awb-background-image:url(&quot;https:\/\/thebeautypartner.es\/nueva\/wp-content\/uploads\/2025\/06\/leer-mas_BYN-scaled-1.jpg&quot;);--awb-background-size:cover;--awb-flex-wrap:wrap;\" ><div class=\"fusion-builder-row fusion-row fusion-flex-align-items-flex-start fusion-flex-content-wrap\" style=\"max-width:1248px;margin-left: calc(-4% \/ 2 );margin-right: calc(-4% \/ 2 );\"><div class=\"fusion-layout-column fusion_builder_column fusion-builder-column-0 fusion_builder_column_1_1 1_1 fusion-flex-column\" style=\"--awb-bg-size:cover;--awb-width-large:100%;--awb-margin-top-large:0px;--awb-spacing-right-large:1.92%;--awb-margin-bottom-large:20px;--awb-spacing-left-large:1.92%;--awb-width-medium:100%;--awb-order-medium:0;--awb-spacing-right-medium:1.92%;--awb-spacing-left-medium:1.92%;--awb-width-small:100%;--awb-order-small:0;--awb-spacing-right-small:1.92%;--awb-spacing-left-small:1.92%;\"><div class=\"fusion-column-wrapper fusion-column-has-shadow fusion-flex-justify-content-flex-start fusion-content-layout-column\"><div class=\"fusion-separator fusion-full-width-sep\" style=\"align-self: center;margin-left: auto;margin-right: auto;margin-top:150px;margin-bottom:150px;width:100%;\"><\/div><\/div><\/div><\/div><\/div><div class=\"fusion-fullwidth fullwidth-box fusion-builder-row-2 fusion-flex-container has-pattern-background has-mask-background nonhundred-percent-fullwidth non-hundred-percent-height-scrolling\" style=\"--awb-border-radius-top-left:0px;--awb-border-radius-top-right:0px;--awb-border-radius-bottom-right:0px;--awb-border-radius-bottom-left:0px;--awb-padding-top:60px;--awb-padding-bottom:60px;--awb-flex-wrap:wrap;\" ><div class=\"fusion-builder-row fusion-row fusion-flex-align-items-flex-start fusion-flex-content-wrap\" style=\"max-width:1248px;margin-left: calc(-4% \/ 2 );margin-right: calc(-4% \/ 2 );\"><div class=\"fusion-layout-column fusion_builder_column fusion-builder-column-1 fusion_builder_column_1_1 1_1 fusion-flex-column\" style=\"--awb-bg-size:cover;--awb-width-large:100%;--awb-margin-top-large:0px;--awb-spacing-right-large:1.92%;--awb-margin-bottom-large:20px;--awb-spacing-left-large:1.92%;--awb-width-medium:100%;--awb-order-medium:0;--awb-spacing-right-medium:1.92%;--awb-spacing-left-medium:1.92%;--awb-width-small:100%;--awb-order-small:0;--awb-spacing-right-small:1.92%;--awb-spacing-left-small:1.92%;\"><div class=\"fusion-column-wrapper fusion-column-has-shadow fusion-flex-justify-content-flex-start fusion-content-layout-column\"><div class=\"fusion-text fusion-text-1\"><p>Cuento con una<strong>\u00a0amplia experiencia de veinte a\u00f1os\u00a0<\/strong>en el sector de la\u00a0<strong>Comunicaci\u00f3n y las Relaciones P\u00fablicas<\/strong>\u00a0-dentro y fuera de Espa\u00f1a- concretamente en las \u00e1reas de\u00a0<strong>Moda, Belleza y Bienestar.<\/strong><\/p>\n<p>A lo largo de mi carrera he organizado todo tipo de eventos, coordinado lanzamientos de nuevas marcas y convocatorias a medios de comunicaci\u00f3n.\u00a0<strong>Durante m\u00e1s de 13 a\u00f1os<\/strong>\u00a0<strong>he codirigido mi propia agencia especializada en belleza<\/strong>, A-List Comunicaci\u00f3n (con sede en Madrid), donde he trabajado para destacados clientes, como Bioderma, Le Petit Salon, Cl\u00ednica Mira+Cueto, M\u00e1dara Cosmetics, Matriskin, Galderma, Vossman, Medik8, Perricone, Unicskin, Hydrafacial, Diana Daureo, entre muchos otros.<\/p>\n<p>Antes de eso, durante la etapa en que viv\u00ed en\u00a0<strong>Rio de Janeiro<\/strong>\u00a0(Brasil), fui la responsable de prensa internacional\u00a0de la\u00a0<em>Rio Fashion Week<\/em>, coordin\u00e9\u00a0la comunicaci\u00f3n para Latinoam\u00e9rica\u00a0de la joyera italiana Francesca Romana y trabaj\u00e9 como ejecutiva de cuentas en las agencias Edelman y Approach.<\/p>\n<p>Ya en Madrid, y en un periodo previo a la fundaci\u00f3n de mi propia agencia, fui parte del equipo de Marina Ruiz Comunicaci\u00f3n, donde me encargaba del d\u00eda a d\u00eda de marcas de belleza como Felicidad Carrera, Instituto M\u00e9dico L\u00e1ser, Uriage o John Frieda, entre otras.<\/p>\n<p>Finalmente, tras una fruct\u00edfera experiencia empresarial de 13 a\u00f1os, en enero de 2022 emprend\u00ed un camino en solitario como\u00a0<strong>Consultora de comunicaci\u00f3n y \u2018PR de autor\u2019,<\/strong>\u00a0con un nuevo enfoque que me permite trabajar de una manera m\u00e1s artesanal, cualitativa y personal.<\/p>\n<p>Me licenci\u00e9 en\u00a0<strong>Periodismo,\u00a0<\/strong>tengo un<strong>\u00a0m\u00e1ster en Marketing y hablo 3 idiomas<\/strong>\u00a0(espa\u00f1ol, ingl\u00e9s y portugu\u00e9s). Nac\u00ed en Rio de Janeiro, crec\u00ed en Marbella y vivo desde el 2005 en Madrid; estoy casada y tengo dos hijos.<\/p>\n<p>Me considero una afortunada por poder dedicarme a lo que me gusta. Lo mejor de mi trabajo es el contacto con la gente y el v\u00ednculo que construyes a lo largo del tiempo, tanto con periodistas -muchas ya son amigas- como con interesantes profesionales con los que seguir aprendiendo de formulaci\u00f3n y cuidado de la piel, de los \u00faltimos avances en medicina est\u00e9tica o de c\u00f3mo se debe mimar y proteger la fibra capilar. A nivel m\u00e1s personal, soy una apasionada de la decoraci\u00f3n, el arte contempor\u00e1neo, el crecimiento personal y el mar.<\/p>\n<\/div><\/div><\/div><\/div><\/div><\/p>\n","protected":false},"excerpt":{"rendered":"","protected":false},"author":1,"featured_media":0,"parent":0,"menu_order":0,"comment_status":"closed","ping_status":"closed","template":"100-width.php","meta":{"footnotes":""},"class_list":["post-135","page","type-page","status-publish","hentry"],"yoast_head":"<!-- This site is optimized with the Yoast SEO plugin v25.3 - https:\/\/yoast.com\/wordpress\/plugins\/seo\/ -->\n<title>Sobre mi - The Beauty Partner<\/title>\n<meta name=\"robots\" content=\"index, follow, max-snippet:-1, max-image-preview:large, max-video-preview:-1\" \/>\n<link rel=\"canonical\" href=\"https:\/\/thebeautypartner.es\/nueva\/sobre-mi\/\" \/>\n<meta property=\"og:locale\" content=\"es_ES\" \/>\n<meta property=\"og:type\" content=\"article\" \/>\n<meta property=\"og:title\" content=\"Sobre mi - The Beauty Partner\" \/>\n<meta property=\"og:url\" content=\"https:\/\/thebeautypartner.es\/nueva\/sobre-mi\/\" \/>\n<meta property=\"og:site_name\" content=\"The Beauty Partner\" \/>\n<meta property=\"article:modified_time\" content=\"2025-06-18T10:56:29+00:00\" \/>\n<meta name=\"twitter:card\" content=\"summary_large_image\" \/>\n<meta name=\"twitter:label1\" content=\"Tiempo de lectura\" \/>\n\t<meta name=\"twitter:data1\" content=\"2 minutos\" \/>\n<script type=\"application\/ld+json\" class=\"yoast-schema-graph\">{\"@context\":\"https:\/\/schema.org\",\"@graph\":[{\"@type\":\"WebPage\",\"@id\":\"https:\/\/thebeautypartner.es\/nueva\/sobre-mi\/\",\"url\":\"https:\/\/thebeautypartner.es\/nueva\/sobre-mi\/\",\"name\":\"Sobre mi - The Beauty Partner\",\"isPartOf\":{\"@id\":\"https:\/\/thebeautypartner.es\/nueva\/#website\"},\"datePublished\":\"2025-06-18T10:53:39+00:00\",\"dateModified\":\"2025-06-18T10:56:29+00:00\",\"breadcrumb\":{\"@id\":\"https:\/\/thebeautypartner.es\/nueva\/sobre-mi\/#breadcrumb\"},\"inLanguage\":\"es\",\"potentialAction\":[{\"@type\":\"ReadAction\",\"target\":[\"https:\/\/thebeautypartner.es\/nueva\/sobre-mi\/\"]}]},{\"@type\":\"BreadcrumbList\",\"@id\":\"https:\/\/thebeautypartner.es\/nueva\/sobre-mi\/#breadcrumb\",\"itemListElement\":[{\"@type\":\"ListItem\",\"position\":1,\"name\":\"Portada\",\"item\":\"https:\/\/thebeautypartner.es\/nueva\/\"},{\"@type\":\"ListItem\",\"position\":2,\"name\":\"Sobre mi\"}]},{\"@type\":\"WebSite\",\"@id\":\"https:\/\/thebeautypartner.es\/nueva\/#website\",\"url\":\"https:\/\/thebeautypartner.es\/nueva\/\",\"name\":\"The Beauty Partner\",\"description\":\"\",\"publisher\":{\"@id\":\"https:\/\/thebeautypartner.es\/nueva\/#organization\"},\"potentialAction\":[{\"@type\":\"SearchAction\",\"target\":{\"@type\":\"EntryPoint\",\"urlTemplate\":\"https:\/\/thebeautypartner.es\/nueva\/?s={search_term_string}\"},\"query-input\":{\"@type\":\"PropertyValueSpecification\",\"valueRequired\":true,\"valueName\":\"search_term_string\"}}],\"inLanguage\":\"es\"},{\"@type\":\"Organization\",\"@id\":\"https:\/\/thebeautypartner.es\/nueva\/#organization\",\"name\":\"The Beauty Partner\",\"url\":\"https:\/\/thebeautypartner.es\/nueva\/\",\"logo\":{\"@type\":\"ImageObject\",\"inLanguage\":\"es\",\"@id\":\"https:\/\/thebeautypartner.es\/nueva\/#\/schema\/logo\/image\/\",\"url\":\"https:\/\/thebeautypartner.es\/nueva\/wp-content\/uploads\/2025\/06\/logo-web.jpg\",\"contentUrl\":\"https:\/\/thebeautypartner.es\/nueva\/wp-content\/uploads\/2025\/06\/logo-web.jpg\",\"width\":450,\"height\":211,\"caption\":\"The Beauty Partner\"},\"image\":{\"@id\":\"https:\/\/thebeautypartner.es\/nueva\/#\/schema\/logo\/image\/\"}}]}<\/script>\n<!-- \/ Yoast SEO plugin. -->","yoast_head_json":{"title":"Sobre mi - The Beauty Partner","robots":{"index":"index","follow":"follow","max-snippet":"max-snippet:-1","max-image-preview":"max-image-preview:large","max-video-preview":"max-video-preview:-1"},"canonical":"https:\/\/thebeautypartner.es\/nueva\/sobre-mi\/","og_locale":"es_ES","og_type":"article","og_title":"Sobre mi - The Beauty Partner","og_url":"https:\/\/thebeautypartner.es\/nueva\/sobre-mi\/","og_site_name":"The Beauty Partner","article_modified_time":"2025-06-18T10:56:29+00:00","twitter_card":"summary_large_image","twitter_misc":{"Tiempo de lectura":"2 minutos"},"schema":{"@context":"https:\/\/schema.org","@graph":[{"@type":"WebPage","@id":"https:\/\/thebeautypartner.es\/nueva\/sobre-mi\/","url":"https:\/\/thebeautypartner.es\/nueva\/sobre-mi\/","name":"Sobre mi - The Beauty Partner","isPartOf":{"@id":"https:\/\/thebeautypartner.es\/nueva\/#website"},"datePublished":"2025-06-18T10:53:39+00:00","dateModified":"2025-06-18T10:56:29+00:00","breadcrumb":{"@id":"https:\/\/thebeautypartner.es\/nueva\/sobre-mi\/#breadcrumb"},"inLanguage":"es","potentialAction":[{"@type":"ReadAction","target":["https:\/\/thebeautypartner.es\/nueva\/sobre-mi\/"]}]},{"@type":"BreadcrumbList","@id":"https:\/\/thebeautypartner.es\/nueva\/sobre-mi\/#breadcrumb","itemListElement":[{"@type":"ListItem","position":1,"name":"Portada","item":"https:\/\/thebeautypartner.es\/nueva\/"},{"@type":"ListItem","position":2,"name":"Sobre mi"}]},{"@type":"WebSite","@id":"https:\/\/thebeautypartner.es\/nueva\/#website","url":"https:\/\/thebeautypartner.es\/nueva\/","name":"The Beauty Partner","description":"","publisher":{"@id":"https:\/\/thebeautypartner.es\/nueva\/#organization"},"potentialAction":[{"@type":"SearchAction","target":{"@type":"EntryPoint","urlTemplate":"https:\/\/thebeautypartner.es\/nueva\/?s={search_term_string}"},"query-input":{"@type":"PropertyValueSpecification","valueRequired":true,"valueName":"search_term_string"}}],"inLanguage":"es"},{"@type":"Organization","@id":"https:\/\/thebeautypartner.es\/nueva\/#organization","name":"The Beauty Partner","url":"https:\/\/thebeautypartner.es\/nueva\/","logo":{"@type":"ImageObject","inLanguage":"es","@id":"https:\/\/thebeautypartner.es\/nueva\/#\/schema\/logo\/image\/","url":"https:\/\/thebeautypartner.es\/nueva\/wp-content\/uploads\/2025\/06\/logo-web.jpg","contentUrl":"https:\/\/thebeautypartner.es\/nueva\/wp-content\/uploads\/2025\/06\/logo-web.jpg","width":450,"height":211,"caption":"The Beauty Partner"},"image":{"@id":"https:\/\/thebeautypartner.es\/nueva\/#\/schema\/logo\/image\/"}}]}},"_links":{"self":[{"href":"https:\/\/thebeautypartner.es\/nueva\/wp-json\/wp\/v2\/pages\/135","targetHints":{"allow":["GET"]}}],"collection":[{"href":"https:\/\/thebeautypartner.es\/nueva\/wp-json\/wp\/v2\/pages"}],"about":[{"href":"https:\/\/thebeautypartner.es\/nueva\/wp-json\/wp\/v2\/types\/page"}],"author":[{"embeddable":true,"href":"https:\/\/thebeautypartner.es\/nueva\/wp-json\/wp\/v2\/users\/1"}],"replies":[{"embeddable":true,"href":"https:\/\/thebeautypartner.es\/nueva\/wp-json\/wp\/v2\/comments?post=135"}],"version-history":[{"count":4,"href":"https:\/\/thebeautypartner.es\/nueva\/wp-json\/wp\/v2\/pages\/135\/revisions"}],"predecessor-version":[{"id":140,"href":"https:\/\/thebeautypartner.es\/nueva\/wp-json\/wp\/v2\/pages\/135\/revisions\/140"}],"wp:attachment":[{"href":"https:\/\/thebeautypartner.es\/nueva\/wp-json\/wp\/v2\/media?parent=135"}],"curies":[{"name":"wp","href":"https:\/\/api.w.org\/{rel}","templated":true}]}}